{"id":3133,"date":"2024-05-17T18:22:16","date_gmt":"2024-05-17T18:22:16","guid":{"rendered":"https:\/\/sepmetrologie.com\/produit\/rotating-disc-outside-micrometer-50-75-mm-20-mm-disc\/"},"modified":"2025-02-17T21:55:06","modified_gmt":"2025-02-17T21:55:06","slug":"rotating-disc-outside-micrometer-50-75-mm-20-mm-disc","status":"publish","type":"product","link":"https:\/\/sepmetrologie.com\/en\/produit\/rotating-disc-outside-micrometer-50-75-mm-20-mm-disc\/","title":{"rendered":"Rotating disc outside micrometer 50-75 mm \/ 20 mm disc"},"content":{"rendered":"<p><span data-sheets-root=\"1\" data-sheets-value=\"{\"1\":2,\"2\":\"Microm\u00e8tre d'ext\u00e9rieur \u00e0 disque rotatif 50-75 mm, disque = 20 mm\"}\" data-sheets-userformat=\"{\"2\":25155,\"3\":{\"1\":4,\"2\":\"#,##0.00[$$]\",\"3\":1},\"4\":{\"1\":2,\"2\":16776960},\"9\":0,\"12\":0,\"16\":10,\"17\":1}\">Rotating disc outside micrometer 50-75 mm, disc = 20 mm.<\/span>  External micrometer with rotating disc for measuring the distance between the gear teeth of modules 0.5 to 6 and the notch widths<\/p>\n","protected":false},"excerpt":{"rendered":"<h3 class=\"anteros\">Dimensions<\/h3>\n<div id=\"product_drawings\" class=\"tab-content\">\n<p><img fetchpriority=\"high\" decoding=\"async\" class=\"alignnone size-medium wp-image-2680\" src=\"https:\/\/sepmetrologie.com\/wp-content\/uploads\/2024\/05\/123-103_d1_eps-300x184.webp\" alt=\"123-103_d1_eps\" width=\"300\" height=\"184\" srcset=\"https:\/\/sepmetrologie.com\/wp-content\/uploads\/2024\/05\/123-103_d1_eps-300x184.webp 300w, https:\/\/sepmetrologie.com\/wp-content\/uploads\/2024\/05\/123-103_d1_eps.webp 600w\" sizes=\"(max-width: 300px) 100vw, 300px\" \/><\/p>\n<div>\n<table class=\"product_properties\">\n<tbody>\n<tr class=\"table-row-odd\">\n<td class=\"parameter\"><span class=\"product_properties_propertyName\"><span class=\"name\">L:<\/span><\/span><\/td>\n<td class=\"value\">\n<div class=\"product_properties_propertyValue\">87<span class=\"shortName\"> mm<\/span><\/div>\n<\/td>\n<\/tr>\n<tr class=\"table-row-even\">\n<td class=\"parameter\"><span class=\"product_properties_propertyName\"><span class=\"name\">a:<\/span><\/span><\/td>\n<td class=\"value\">\n<div class=\"product_properties_propertyValue\">5.5<span class=\"shortName\"> mm<\/span><\/div>\n<\/td>\n<\/tr>\n<tr class=\"table-row-odd\">\n<td class=\"parameter\"><span class=\"product_properties_propertyName\"><span class=\"name\">b:<\/span><\/span><\/td>\n<td class=\"value\">\n<div class=\"product_properties_propertyValue\">11<span class=\"shortName\"> mm<\/span><\/div>\n<\/td>\n<\/tr>\n<tr class=\"table-row-even\">\n<td class=\"parameter\"><span class=\"product_properties_propertyName\"><span class=\"name\">c :<\/span><\/span><\/td>\n<td class=\"value\">\n<div class=\"product_properties_propertyValue\">49<span class=\"shortName\"> mm<\/span><\/div>\n<\/td>\n<\/tr>\n<tr class=\"table-row-odd\">\n<td class=\"parameter\"><span class=\"product_properties_propertyName\"><span class=\"name\">d:<\/span><\/span><\/td>\n<td class=\"value\">\n<div class=\"product_properties_propertyValue\">20<span class=\"shortName\"> mm<\/span><\/div>\n<\/td>\n<\/tr>\n<\/tbody>\n<\/table>\n<\/div>\n<\/div>\n","protected":false},"featured_media":2170,"comment_status":"open","ping_status":"closed","template":"","meta":{"_acf_changed":false,"site-sidebar-layout":"default","site-content-layout":"","ast-site-content-layout":"default","site-content-style":"default","site-sidebar-style":"default","ast-global-header-display":"","ast-banner-title-visibility":"","ast-main-header-display":"","ast-hfb-above-header-display":"","ast-hfb-below-header-display":"","ast-hfb-mobile-header-display":"","site-post-title":"","ast-breadcrumbs-content":"","ast-featured-img":"","footer-sml-layout":"","theme-transparent-header-meta":"default","adv-header-id-meta":"","stick-header-meta":"","header-above-stick-meta":"","header-main-stick-meta":"","header-below-stick-meta":"","astra-migrate-meta-layouts":"default","ast-page-background-enabled":"default","ast-page-background-meta":{"desktop":{"background-color":"var(--ast-global-color-4)","background-image":"","background-repeat":"repeat","background-position":"center center","background-size":"auto","background-attachment":"scroll","background-type":"","background-media":"","overlay-type":"","overlay-color":"","overlay-opacity":"","overlay-gradient":""},"tablet":{"background-color":"","background-image":"","background-repeat":"repeat","background-position":"center center","background-size":"auto","background-attachment":"scroll","background-type":"","background-media":"","overlay-type":"","overlay-color":"","overlay-opacity":"","overlay-gradient":""},"mobile":{"background-color":"","background-image":"","background-repeat":"repeat","background-position":"center center","background-size":"auto","background-attachment":"scroll","background-type":"","background-media":"","overlay-type":"","overlay-color":"","overlay-opacity":"","overlay-gradient":""}},"ast-content-background-meta":{"desktop":{"background-color":"var(--ast-global-color-5)","background-image":"","background-repeat":"repeat","background-position":"center center","background-size":"auto","background-attachment":"scroll","background-type":"","background-media":"","overlay-type":"","overlay-color":"","overlay-opacity":"","overlay-gradient":""},"tablet":{"background-color":"var(--ast-global-color-5)","background-image":"","background-repeat":"repeat","background-position":"center center","background-size":"auto","background-attachment":"scroll","background-type":"","background-media":"","overlay-type":"","overlay-color":"","overlay-opacity":"","overlay-gradient":""},"mobile":{"background-color":"var(--ast-global-color-5)","background-image":"","background-repeat":"repeat","background-position":"center center","background-size":"auto","background-attachment":"scroll","background-type":"","background-media":"","overlay-type":"","overlay-color":"","overlay-opacity":"","overlay-gradient":""}}},"product_brand":[],"product_cat":[254],"product_tag":[],"class_list":{"0":"post-3133","1":"product","2":"type-product","3":"status-publish","4":"has-post-thumbnail","6":"product_cat-analog-disc","7":"desktop-align-left","8":"tablet-align-left","9":"mobile-align-left","11":"first","12":"instock","13":"taxable","14":"shipping-taxable","15":"purchasable","16":"product-type-variable","17":"has-default-attributes"},"acf":[],"_links":{"self":[{"href":"https:\/\/sepmetrologie.com\/en\/wp-json\/wp\/v2\/product\/3133","targetHints":{"allow":["GET"]}}],"collection":[{"href":"https:\/\/sepmetrologie.com\/en\/wp-json\/wp\/v2\/product"}],"about":[{"href":"https:\/\/sepmetrologie.com\/en\/wp-json\/wp\/v2\/types\/product"}],"replies":[{"embeddable":true,"href":"https:\/\/sepmetrologie.com\/en\/wp-json\/wp\/v2\/comments?post=3133"}],"wp:featuredmedia":[{"embeddable":true,"href":"https:\/\/sepmetrologie.com\/en\/wp-json\/wp\/v2\/media\/2170"}],"wp:attachment":[{"href":"https:\/\/sepmetrologie.com\/en\/wp-json\/wp\/v2\/media?parent=3133"}],"wp:term":[{"taxonomy":"product_brand","embeddable":true,"href":"https:\/\/sepmetrologie.com\/en\/wp-json\/wp\/v2\/product_brand?post=3133"},{"taxonomy":"product_cat","embeddable":true,"href":"https:\/\/sepmetrologie.com\/en\/wp-json\/wp\/v2\/product_cat?post=3133"},{"taxonomy":"product_tag","embeddable":true,"href":"https:\/\/sepmetrologie.com\/en\/wp-json\/wp\/v2\/product_tag?post=3133"}],"curies":[{"name":"wp","href":"https:\/\/api.w.org\/{rel}","templated":true}]}}