{"id":3050,"date":"2024-05-21T16:06:22","date_gmt":"2024-05-21T16:06:22","guid":{"rendered":"https:\/\/sepmetrologie.com\/produit\/bore-checker-for-blind-holes-15-35-mm\/"},"modified":"2025-02-17T21:53:23","modified_gmt":"2025-02-17T21:53:23","slug":"bore-checker-for-blind-holes-15-35-mm","status":"publish","type":"product","link":"https:\/\/sepmetrologie.com\/en\/produit\/bore-checker-for-blind-holes-15-35-mm\/","title":{"rendered":"Bore checker for blind holes 15-35 mm"},"content":{"rendered":"<p>          <span data-sheets-root=\"1\" data-sheets-value=\"{\"1\":2,\"2\":\"Instrument de mesure d'int\u00e9rieur \u00e0 2 points V\u00e9rificateur al\u00e9sage pour trous borgnes, 15-35mm, 0,001mm\"}\" data-sheets-userformat=\"{\"2\":25155,\"3\":{\"1\":4,\"2\":\"#,##0.00[$$]\",\"3\":1},\"4\":{\"1\":2,\"2\":16776960},\"9\":0,\"12\":0,\"16\":10,\"17\":1}\">2 Point Inside Measuring Instrument Bore Checker for Blind Holes, 15-35mm, 0.001mm<\/span><\/p>\n","protected":false},"excerpt":{"rendered":"","protected":false},"featured_media":2428,"comment_status":"open","ping_status":"closed","template":"","meta":{"_acf_changed":false,"site-sidebar-layout":"default","site-content-layout":"","ast-site-content-layout":"default","site-content-style":"default","site-sidebar-style":"default","ast-global-header-display":"","ast-banner-title-visibility":"","ast-main-header-display":"","ast-hfb-above-header-display":"","ast-hfb-below-header-display":"","ast-hfb-mobile-header-display":"","site-post-title":"","ast-breadcrumbs-content":"","ast-featured-img":"","footer-sml-layout":"","theme-transparent-header-meta":"default","adv-header-id-meta":"","stick-header-meta":"","header-above-stick-meta":"","header-main-stick-meta":"","header-below-stick-meta":"","astra-migrate-meta-layouts":"default","ast-page-background-enabled":"default","ast-page-background-meta":{"desktop":{"background-color":"var(--ast-global-color-4)","background-image":"","background-repeat":"repeat","background-position":"center center","background-size":"auto","background-attachment":"scroll","background-type":"","background-media":"","overlay-type":"","overlay-color":"","overlay-opacity":"","overlay-gradient":""},"tablet":{"background-color":"","background-image":"","background-repeat":"repeat","background-position":"center center","background-size":"auto","background-attachment":"scroll","background-type":"","background-media":"","overlay-type":"","overlay-color":"","overlay-opacity":"","overlay-gradient":""},"mobile":{"background-color":"","background-image":"","background-repeat":"repeat","background-position":"center center","background-size":"auto","background-attachment":"scroll","background-type":"","background-media":"","overlay-type":"","overlay-color":"","overlay-opacity":"","overlay-gradient":""}},"ast-content-background-meta":{"desktop":{"background-color":"var(--ast-global-color-5)","background-image":"","background-repeat":"repeat","background-position":"center center","background-size":"auto","background-attachment":"scroll","background-type":"","background-media":"","overlay-type":"","overlay-color":"","overlay-opacity":"","overlay-gradient":""},"tablet":{"background-color":"var(--ast-global-color-5)","background-image":"","background-repeat":"repeat","background-position":"center center","background-size":"auto","background-attachment":"scroll","background-type":"","background-media":"","overlay-type":"","overlay-color":"","overlay-opacity":"","overlay-gradient":""},"mobile":{"background-color":"var(--ast-global-color-5)","background-image":"","background-repeat":"repeat","background-position":"center center","background-size":"auto","background-attachment":"scroll","background-type":"","background-media":"","overlay-type":"","overlay-color":"","overlay-opacity":"","overlay-gradient":""}}},"product_brand":[],"product_cat":[199],"product_tag":[],"class_list":{"0":"post-3050","1":"product","2":"type-product","3":"status-publish","4":"has-post-thumbnail","6":"product_cat-bore-gauge","7":"desktop-align-left","8":"tablet-align-left","9":"mobile-align-left","11":"first","12":"instock","13":"taxable","14":"shipping-taxable","15":"purchasable","16":"product-type-variable","17":"has-default-attributes"},"acf":[],"_links":{"self":[{"href":"https:\/\/sepmetrologie.com\/en\/wp-json\/wp\/v2\/product\/3050","targetHints":{"allow":["GET"]}}],"collection":[{"href":"https:\/\/sepmetrologie.com\/en\/wp-json\/wp\/v2\/product"}],"about":[{"href":"https:\/\/sepmetrologie.com\/en\/wp-json\/wp\/v2\/types\/product"}],"replies":[{"embeddable":true,"href":"https:\/\/sepmetrologie.com\/en\/wp-json\/wp\/v2\/comments?post=3050"}],"wp:featuredmedia":[{"embeddable":true,"href":"https:\/\/sepmetrologie.com\/en\/wp-json\/wp\/v2\/media\/2428"}],"wp:attachment":[{"href":"https:\/\/sepmetrologie.com\/en\/wp-json\/wp\/v2\/media?parent=3050"}],"wp:term":[{"taxonomy":"product_brand","embeddable":true,"href":"https:\/\/sepmetrologie.com\/en\/wp-json\/wp\/v2\/product_brand?post=3050"},{"taxonomy":"product_cat","embeddable":true,"href":"https:\/\/sepmetrologie.com\/en\/wp-json\/wp\/v2\/product_cat?post=3050"},{"taxonomy":"product_tag","embeddable":true,"href":"https:\/\/sepmetrologie.com\/en\/wp-json\/wp\/v2\/product_tag?post=3050"}],"curies":[{"name":"wp","href":"https:\/\/api.w.org\/{rel}","templated":true}]}}