{"id":3038,"date":"2024-05-21T16:51:10","date_gmt":"2024-05-21T16:51:10","guid":{"rendered":"https:\/\/sepmetrologie.com\/produit\/bore-checker-for-small-diameters-0-4-0-7\/"},"modified":"2025-02-17T21:53:23","modified_gmt":"2025-02-17T21:53:23","slug":"bore-checker-for-small-diameters-0-4-0-7","status":"publish","type":"product","link":"https:\/\/sepmetrologie.com\/en\/produit\/bore-checker-for-small-diameters-0-4-0-7\/","title":{"rendered":"Bore checker for small diameters 0.4-0.7&#8243;"},"content":{"rendered":"<p><span data-sheets-root=\"1\" data-sheets-value=\"{\"1\":2,\"2\":\"Instrument de mesure d'int\u00e9rieur \u00e0 2 points V\u00e9rificateur d'al\u00e9sage pour petits diam\u00e8tres, 0,4-0,7\\\", 0,0001\\\"\"}\" data-sheets-userformat=\"{\"2\":27203,\"3\":{\"1\":0},\"4\":{\"1\":2,\"2\":16776960},\"9\":0,\"12\":0,\"14\":{\"1\":2,\"2\":0},\"16\":10,\"17\":1}\">2 Point Inside Measuring Instrument Bore Checker for Small Diameters, 0.4-0.7&#8243;, 0.0001&#8243;.<\/span><\/p>\n<ul>\n<li>Specially designed for measuring blind holes.<\/li>\n<li>Key spans of 0.95-7.30 mm are hard chrome plated.<\/li>\n<li>Comes with a mechanical comparator and a set of keys<\/li>\n<\/ul>\n","protected":false},"excerpt":{"rendered":"<p>2 Point Inside Measuring Instrument Bore Checker for Small Diameters, 0.4-0.7&#8243;, 0.0001&#8243;. Specially designed for measuring blind holes. Key spans [&hellip;]<\/p>\n","protected":false},"featured_media":2440,"comment_status":"open","ping_status":"closed","template":"","meta":{"_acf_changed":false,"site-sidebar-layout":"default","site-content-layout":"","ast-site-content-layout":"default","site-content-style":"default","site-sidebar-style":"default","ast-global-header-display":"","ast-banner-title-visibility":"","ast-main-header-display":"","ast-hfb-above-header-display":"","ast-hfb-below-header-display":"","ast-hfb-mobile-header-display":"","site-post-title":"","ast-breadcrumbs-content":"","ast-featured-img":"","footer-sml-layout":"","theme-transparent-header-meta":"default","adv-header-id-meta":"","stick-header-meta":"","header-above-stick-meta":"","header-main-stick-meta":"","header-below-stick-meta":"","astra-migrate-meta-layouts":"default","ast-page-background-enabled":"default","ast-page-background-meta":{"desktop":{"background-color":"var(--ast-global-color-4)","background-image":"","background-repeat":"repeat","background-position":"center center","background-size":"auto","background-attachment":"scroll","background-type":"","background-media":"","overlay-type":"","overlay-color":"","overlay-opacity":"","overlay-gradient":""},"tablet":{"background-color":"","background-image":"","background-repeat":"repeat","background-position":"center center","background-size":"auto","background-attachment":"scroll","background-type":"","background-media":"","overlay-type":"","overlay-color":"","overlay-opacity":"","overlay-gradient":""},"mobile":{"background-color":"","background-image":"","background-repeat":"repeat","background-position":"center center","background-size":"auto","background-attachment":"scroll","background-type":"","background-media":"","overlay-type":"","overlay-color":"","overlay-opacity":"","overlay-gradient":""}},"ast-content-background-meta":{"desktop":{"background-color":"var(--ast-global-color-5)","background-image":"","background-repeat":"repeat","background-position":"center center","background-size":"auto","background-attachment":"scroll","background-type":"","background-media":"","overlay-type":"","overlay-color":"","overlay-opacity":"","overlay-gradient":""},"tablet":{"background-color":"var(--ast-global-color-5)","background-image":"","background-repeat":"repeat","background-position":"center center","background-size":"auto","background-attachment":"scroll","background-type":"","background-media":"","overlay-type":"","overlay-color":"","overlay-opacity":"","overlay-gradient":""},"mobile":{"background-color":"var(--ast-global-color-5)","background-image":"","background-repeat":"repeat","background-position":"center center","background-size":"auto","background-attachment":"scroll","background-type":"","background-media":"","overlay-type":"","overlay-color":"","overlay-opacity":"","overlay-gradient":""}}},"product_brand":[],"product_cat":[199],"product_tag":[],"class_list":{"0":"post-3038","1":"product","2":"type-product","3":"status-publish","4":"has-post-thumbnail","6":"product_cat-bore-gauge","7":"desktop-align-left","8":"tablet-align-left","9":"mobile-align-left","11":"first","12":"instock","13":"taxable","14":"shipping-taxable","15":"purchasable","16":"product-type-variable","17":"has-default-attributes"},"acf":[],"_links":{"self":[{"href":"https:\/\/sepmetrologie.com\/en\/wp-json\/wp\/v2\/product\/3038","targetHints":{"allow":["GET"]}}],"collection":[{"href":"https:\/\/sepmetrologie.com\/en\/wp-json\/wp\/v2\/product"}],"about":[{"href":"https:\/\/sepmetrologie.com\/en\/wp-json\/wp\/v2\/types\/product"}],"replies":[{"embeddable":true,"href":"https:\/\/sepmetrologie.com\/en\/wp-json\/wp\/v2\/comments?post=3038"}],"wp:featuredmedia":[{"embeddable":true,"href":"https:\/\/sepmetrologie.com\/en\/wp-json\/wp\/v2\/media\/2440"}],"wp:attachment":[{"href":"https:\/\/sepmetrologie.com\/en\/wp-json\/wp\/v2\/media?parent=3038"}],"wp:term":[{"taxonomy":"product_brand","embeddable":true,"href":"https:\/\/sepmetrologie.com\/en\/wp-json\/wp\/v2\/product_brand?post=3038"},{"taxonomy":"product_cat","embeddable":true,"href":"https:\/\/sepmetrologie.com\/en\/wp-json\/wp\/v2\/product_cat?post=3038"},{"taxonomy":"product_tag","embeddable":true,"href":"https:\/\/sepmetrologie.com\/en\/wp-json\/wp\/v2\/product_tag?post=3038"}],"curies":[{"name":"wp","href":"https:\/\/api.w.org\/{rel}","templated":true}]}}